{"id":1532,"date":"2016-06-23T15:25:35","date_gmt":"2016-06-23T15:25:35","guid":{"rendered":"http:\/\/www.ankarakatolik.com\/tr\/?page_id=1532"},"modified":"2023-10-04T14:44:54","modified_gmt":"2023-10-04T12:44:54","slug":"kilisemizin-tarihi","status":"publish","type":"page","link":"http:\/\/www.ankarakatolik.com\/tr\/kilisemizin-tarihi\/","title":{"rendered":"Kilisemizin Tarihi"},"content":{"rendered":"<p>[vc_row][vc_column width=&#8221;2\/3&#8243;][vc_column_text]Azize Tereza Latin Katolik Kilisesi, Ankara&#8217;n\u0131n Ulus semtinde, Karde\u015fler sokakta bulunmaktad\u0131r. Hristiyan Okullar\u0131n Karde\u015fleri y\u00f6netimindeki Aziz Klement Frans\u0131z Koleji 1915 y\u0131l\u0131nda burada bulunuyordu. Ayn\u0131 zamanda bu b\u00f6lge o d\u00f6nemde bulunan\u00a0eski Ermeni semtine de yak\u0131nd\u0131.<\/p>\n<p>1916 y\u0131l\u0131nda \u00e7\u0131kan b\u00fcy\u00fck yang\u0131n s\u0131ras\u0131nda Aziz Klement Koleji ve b\u00fct\u00fcn semtin \u00e7evresi yand\u0131. Kolejden sadece bir sur geriye kald\u0131. O d\u00f6nemde Frans\u0131zca \u00f6\u011freten rahiplerin b\u00fcy\u00fck \u00e7al\u0131\u015fmalar\u0131 sonucu karde\u015fler ismi soka\u011f\u0131n ad\u0131na verildi. B\u00f6ylece sokak Karde\u015fler sokak olarak an\u0131lmaya ba\u015fland\u0131.<\/p>\n<p>1928\u2019de bu eski kolejin arsas\u0131na zemin kat\u0131nda Fransa B\u00fcy\u00fckel\u00e7ili\u011fi Kan\u00e7\u0131laryas\u0131n\u0131, birinci kat\u0131nda B\u00fcy\u00fckel\u00e7ilik salonunun i\u00e7erisinde k\u00fc\u00e7\u00fck bir \u015fapeli bar\u0131nd\u0131ran bir bina in\u015fa edildi. \u0130lk y\u0131llarda Fransa Konsolosu burada otuyordu. Sonraki zamanlarda 1962 y\u0131l\u0131na kadar dairelerini k\u00fc\u00e7\u00fck bir Frans\u0131z okuluna devretti.<\/p>\n<p>Tarihi bir bina olaran Azize Tereza Kilisesi binas\u0131n\u0131n\u00a0en \u00f6nemli par\u00e7as\u0131 birinci kat\u0131nda bulunan ve 2002 y\u0131l\u0131nda t\u00fcm par\u00e7alar\u0131 restore edilen \u015fapeldir.<\/p>\n<p>Ana mozaik Kapadokya kiliselerinden bir al\u0131nt\u0131 yapan Frans\u0131z artist Herv\u00e9 Vital taraf\u0131ndan yap\u0131lm\u0131\u015ft\u0131r. Ana mozai\u011fin sa\u011f taraf\u0131nda iki b\u00fcy\u00fck kral; Mesih&#8217;in onun soyundan gelece\u011fi vaat edilen Davut ve Kutsal Tap\u0131na\u011f\u0131 yapan S\u00fcleyman tasvir edilmi\u015ftir, bu iki b\u00fcy\u00fck kral bizlere bakmam\u0131z i\u00e7in, solda mezardan \u00e7\u0131karak, dirili\u015f \u0131\u015f\u0131\u011f\u0131na \u00e7a\u011f\u0131ran \u0130sa\u2019n\u0131n eline uzanan Adem ve Havva\u2019y\u0131 i\u015faret etmektedir.[\/vc_column_text][\/vc_column][vc_column width=&#8221;1\/3&#8243;][vc_single_image image=&#8221;1536&#8243; img_size=&#8221;full&#8221; alignment=&#8221;right&#8221; style=&#8221;vc_box_rounded&#8221;][vc_single_image image=&#8221;1743&#8243; img_size=&#8221;full&#8221; alignment=&#8221;right&#8221; style=&#8221;vc_box_rounded&#8221;][\/vc_column][\/vc_row][vc_row content_placement=&#8221;middle&#8221; css=&#8221;.vc_custom_1467129249141{margin-top: 20px !important;border-radius: 4px !important;}&#8221;][vc_column width=&#8221;1\/4&#8243;][vc_single_image image=&#8221;1554&#8243; img_size=&#8221;full&#8221; alignment=&#8221;right&#8221; style=&#8221;vc_box_rounded&#8221;][\/vc_column][vc_column width=&#8221;1\/2&#8243;][vc_column_text]Sol tarafta kollar\u0131nda \u00c7ocuk \u0130sa ile Kutsal Bakire, sa\u011f tarafta bir elinde \u0130ncil\u2019i tutan ve di\u011feriyle kutsayan Mesih bulunuyor. Bu iki mozai\u011fin olduk\u00e7a yumu\u015fak renkleri, kilisenin ayd\u0131nl\u0131k renkleri ile tam bir b\u00fct\u00fcnl\u00fck sa\u011fl\u0131yor. Mozaiklerinin her birinin \u00f6n\u00fcnde birer sabit mumluk m\u00fcminlerin umutlar\u0131na ve dualar\u0131na e\u015flik eden k\u00fc\u00e7\u00fck \u0131\u015f\u0131klar\u0131 kabul ediyor.[\/vc_column_text][\/vc_column][vc_column width=&#8221;1\/4&#8243;][vc_single_image image=&#8221;1555&#8243; img_size=&#8221;full&#8221; alignment=&#8221;right&#8221; style=&#8221;vc_box_rounded&#8221;][\/vc_column][\/vc_row][vc_row content_placement=&#8221;middle&#8221; css=&#8221;.vc_custom_1467129135181{margin-top: 20px !important;border-top-width: 1px !important;padding-top: 20px !important;padding-bottom: 20px !important;border-top-color: #ededed !important;border-radius: 4px !important;}&#8221;][vc_column width=&#8221;2\/3&#8243;][vc_column_text]Madeleine Diener taraf\u0131ndan yap\u0131lm\u0131\u015f ha\u00e7\u0131n kalbinde Efkaristiya gizemi anlat\u0131l\u0131yor. a\u00e7\u0131k iki parmakla, iki tabiat\u0131n (Tanr\u0131 ve insan) dirilmi\u015f \u0130sa Mesih\u2019in bedeni ile birle\u015fmesi, di\u011fer \u00fc\u00e7 parmakla, Kutsal \u00dc\u00e7l\u00fc Birlik ifade edilir.<\/p>\n<p>Eski Ahitteki kurbanlar\u0131 hat\u0131rlamak i\u00e7in s\u00fctun ba\u015fl\u0131klar\u0131 4 er ko\u00e7 ba\u015f\u0131 ile, ekmek ve \u015farap ise Yeni Ahit\u2019in kurban\u0131n kutlanmas\u0131n\u0131 hat\u0131rlamak i\u00e7in tavan k\u00f6\u015feleri bu\u011fday ve \u00fcz\u00fcm salk\u0131mlar\u0131 ile s\u00fcslenmi\u015f<em>.<\/em><\/p>\n<p>\u015eapelin \u0131\u015f\u0131\u011f\u0131, s\u00fctunlar\u0131n yan taraf\u0131ndaki vitraylara ba\u011fl\u0131d\u0131r. Bu vitraylar\u0131n alt\u0131s\u0131, 1914 y\u0131l\u0131nda D.P. Dagrant taraf\u0131ndan Bordeaux\u2019da yap\u0131lm\u0131\u015ft\u0131r. Eski \u0130zmit Frans\u0131z Koleji\u2019nin \u015fapelindeydiler ve bu okulun 1920\u2019de kapanmas\u0131 \u00fczerine Kad\u0131k\u00f6y\u2019de muhafaza edildiler. 1952\u2019de \u015fu an bulunduklar\u0131 yerlerine monte edildiler. Seriyi tamamlamak i\u00e7in ayn\u0131 stilde di\u011fer d\u00f6rt vitray Floransa\u2019da yap\u0131ld\u0131 ve ayn\u0131 zamanda kiliseye monte edildi.[\/vc_column_text][\/vc_column][vc_column width=&#8221;1\/3&#8243;][vc_single_image image=&#8221;1567&#8243; img_size=&#8221;full&#8221; alignment=&#8221;right&#8221; style=&#8221;vc_box_rounded&#8221;][\/vc_column][\/vc_row]<\/p>\n","protected":false},"excerpt":{"rendered":"<p>[vc_row][vc_column width=&#8221;2\/3&#8243;][vc_column_text]Azize Tereza Latin Katolik Kilisesi, Ankara&#8217;n\u0131n Ulus semtinde, Karde\u015fler sokakta bulunmaktad\u0131r. Hristiyan Okullar\u0131n Karde\u015fleri y\u00f6netimindeki Aziz Klement Frans\u0131z Koleji 1915 y\u0131l\u0131nda burada bulunuyordu. Ayn\u0131 zamanda bu b\u00f6lge o d\u00f6nemde bulunan\u00a0eski Ermeni semtine de yak\u0131nd\u0131. 1916 y\u0131l\u0131nda \u00e7\u0131kan b\u00fcy\u00fck yang\u0131n s\u0131ras\u0131nda Aziz Klement Koleji ve b\u00fct\u00fcn semtin \u00e7evresi yand\u0131. Kolejden sadece bir sur geriye kald\u0131.<\/p>\n","protected":false},"author":1,"featured_media":0,"parent":0,"menu_order":0,"comment_status":"closed","ping_status":"closed","template":"","meta":{"_monsterinsights_skip_tracking":false,"_monsterinsights_sitenote_active":false,"_monsterinsights_sitenote_note":"","_monsterinsights_sitenote_category":0,"footnotes":""},"class_list":["post-1532","page","type-page","status-publish","hentry"],"jetpack_shortlink":"https:\/\/wp.me\/P7UhDS-oI","jetpack_sharing_enabled":true,"_links":{"self":[{"href":"http:\/\/www.ankarakatolik.com\/tr\/wp-json\/wp\/v2\/pages\/1532","targetHints":{"allow":["GET"]}}],"collection":[{"href":"http:\/\/www.ankarakatolik.com\/tr\/wp-json\/wp\/v2\/pages"}],"about":[{"href":"http:\/\/www.ankarakatolik.com\/tr\/wp-json\/wp\/v2\/types\/page"}],"author":[{"embeddable":true,"href":"http:\/\/www.ankarakatolik.com\/tr\/wp-json\/wp\/v2\/users\/1"}],"replies":[{"embeddable":true,"href":"http:\/\/www.ankarakatolik.com\/tr\/wp-json\/wp\/v2\/comments?post=1532"}],"version-history":[{"count":36,"href":"http:\/\/www.ankarakatolik.com\/tr\/wp-json\/wp\/v2\/pages\/1532\/revisions"}],"predecessor-version":[{"id":1944,"href":"http:\/\/www.ankarakatolik.com\/tr\/wp-json\/wp\/v2\/pages\/1532\/revisions\/1944"}],"wp:attachment":[{"href":"http:\/\/www.ankarakatolik.com\/tr\/wp-json\/wp\/v2\/media?parent=1532"}],"curies":[{"name":"wp","href":"https:\/\/api.w.org\/{rel}","templated":true}]}}