{"id":1594,"date":"2016-06-24T08:27:40","date_gmt":"2016-06-24T08:27:40","guid":{"rendered":"http:\/\/www.ankarakatolik.com\/tr\/?page_id=1594"},"modified":"2016-06-28T16:01:02","modified_gmt":"2016-06-28T16:01:02","slug":"azize-terezanin-hayati","status":"publish","type":"page","link":"http:\/\/www.ankarakatolik.com\/tr\/azize-terezanin-hayati\/","title":{"rendered":"Azize Tereza&#8217;n\u0131n Hayat\u0131"},"content":{"rendered":"<p>[vc_row css=&#8221;.vc_custom_1467124044141{margin-bottom: 20px !important;}&#8221;][vc_column width=&#8221;1\/3&#8243;][vc_single_image image=&#8221;1598&#8243; img_size=&#8221;full&#8221; style=&#8221;vc_box_rounded&#8221; css=&#8221;.vc_custom_1466757485044{border-radius: 4px !important;}&#8221;][vc_single_image image=&#8221;1750&#8243; img_size=&#8221;full&#8221; style=&#8221;vc_box_rounded&#8221; css=&#8221;.vc_custom_1467129650774{border-radius: 4px !important;}&#8221;][vc_single_image image=&#8221;1751&#8243; img_size=&#8221;full&#8221; style=&#8221;vc_box_rounded&#8221; css=&#8221;.vc_custom_1467129661156{border-radius: 4px !important;}&#8221;][\/vc_column][vc_column width=&#8221;2\/3&#8243;][vc_column_text]Lisieux\u2019un Tereza\u2019s\u0131 silik bir gen\u00e7, idealist Karmelit rahibesi oldu\u011fu halde en \u00e7ok sevilen azizlerden birisi haline geldi. Onun sadeli\u011fi bizi \u00e7ekiyor \u00e7\u00fcnk\u00fc o, kutsall\u0131\u011f\u0131 ula\u015fabilece\u011fimiz seviyeye koydu.<\/p>\n<p>Tereza, Louis ve Z\u00e9lie Martin\u2019in k\u0131z\u0131yd\u0131. D\u00f6rt ya\u015f\u0131nda iken, mutlu \u00e7ocuklu\u011fu\u00a0 Z\u00e9lie\u2019nin \u00f6l\u00fcm\u00fc ile bozuldu. Bu olaydan sonra Tereza\u2019n\u0131n b\u00fcy\u00fck ablas\u0131 olan Pauline onun iman\u0131n\u0131n geli\u015fiminin sorumlulu\u011funu \u00fcstlendi. Pauline 1882 y\u0131l\u0131nda, Tereza\u2019n\u0131n i\u00e7inde ayn\u0131s\u0131n\u0131 yapma\u00a0 ate\u015fini yakarak Lisieux\u2019taki Karmelit rahibe manast\u0131r\u0131na girdi.<\/p>\n<p>Tereza\u2019n\u0131n ond\u00f6rd\u00fcnc\u00fc ya\u015f\u0131 hayat\u0131 i\u00e7in d\u00f6n\u00fcm noktas\u0131yd\u0131. Karde\u015fi Mary de rahibelerin manast\u0131r\u0131nda Pauline\u2019e kat\u0131ld\u0131. Ve gen\u00e7 azize noelde, kendisinin \u201cd\u00f6n\u00fc\u015f\u00fcm\u00fc\u201d olarak nitelendirdi\u011fi bir deneyim ya\u015fad\u0131. Daha sonra \u201cBir ruhun \u00f6yk\u00fcs\u00fc\u201d adl\u0131 otobiyografisinde, Tereza o halini bir depresyon ve a\u015f\u0131r\u0131 hassasiyet olarak tan\u0131mlam\u0131\u015ft\u0131r.<\/p>\n<blockquote><p><em>\u0130sa ruhumun karanl\u0131klar\u0131n\u0131 \u00e7ok say\u0131da \u0131\u015f\u0131k huzmeleri ile deldi. D\u00f6rt bu\u00e7uk ya\u015f\u0131ndayken ruhumun kat\u0131l\u0131\u011f\u0131 kayboldu, iyiye d\u00f6nd\u00fcm. Sevgi y\u00fcre\u011fimi doldurdu, kendimi unuttum,ve bundan b\u00f6yle mutluydum.<\/em><\/p><\/blockquote>\n<p>Sonraki y\u0131l\u00a0 episkopos, hen\u00fcz gen\u00e7 olmas\u0131na ra\u011fmen Tereza\u2019n\u0131n Lisieux\u2019taki Karmelit manast\u0131r\u0131na girmesine izin verdi.\u00a0Tereza \u00e7ocukluktan itibaren misyoner ve iman \u015fehidi olmak istedi. Ama k\u0131sa bir s\u00fcre sonra her iki se\u00e7ene\u011finde manast\u0131ra kapanm\u0131\u015f bir rahibe i\u00e7in m\u00fcmk\u00fcn olmad\u0131\u011f\u0131n\u0131 anlad\u0131. B\u00f6ylece Kutsal Ruh\u2019u aramaya koyuldu ve ba\u015fka bir yoldan iyi i\u015fler yapmak i\u00e7in Kutsal yaz\u0131lar\u0131 taramaya ba\u015flad\u0131:<\/p>\n<blockquote><p><em>Bir\u00e7ok ke\u015ffin yap\u0131ld\u0131\u011f\u0131 bir \u00e7a\u011fda ya\u015f\u0131yoruz, bu zamanda art\u0131k bir merdivenin basamaklar\u0131n\u0131 teker teker \u00e7\u0131kmak gerekmiyor, zenginlerde bunun yerini asans\u00f6r alm\u0131\u015f. Ben de beni \u0130sa\u2019ya kadar \u00e7\u0131karacak bir asans\u00f6r bulmak isterdim, \u00e7\u00fcnk\u00fc yetkinli\u011fin zorunlu merdivenlerini t\u0131rmanmak i\u00e7in \u00e7ok k\u00fc\u00e7\u00fc\u011f\u00fcm. Bunun \u00fczerine Kutsal Kitaplarda d\u00fc\u015f\u00fcnceme uyan bu asans\u00f6r\u00fc akla getirecek ayetleri aramaya ba\u015flad\u0131m. Ebedi Bilgeli\u011fin a\u011fz\u0131ndan \u00e7\u0131kan \u015fu s\u00f6zlere rastlad\u0131m: \u201cHer kim K\u00dc\u00c7\u00dcC\u00dcKSE bana gelsin\u201d (S\u00f6. 9,4.). Bunun \u00fczerine arad\u0131\u011f\u0131m\u0131 buldu\u011fumu d\u00fc\u015f\u00fcnerek Tanr\u0131\u2019m \u00e7a\u011fr\u0131na kar\u015f\u0131l\u0131k verecek olan k\u00fc\u00e7\u00fcc\u00fck insana ne yapaca\u011f\u0131n\u0131 \u00f6\u011frenmek istedim, ara\u015ft\u0131rmalar\u0131ma devam ettim ve \u015funu buldum: \u201cBir anne \u00e7ocu\u011funu nas\u0131l ok\u015fuyorsa sizi \u00f6yle avutaca\u011f\u0131m, sizi kuca\u011f\u0131mda ta\u015f\u0131yaca\u011f\u0131m ve sizi dizlerimin \u00fczerinde sallayaca\u011f\u0131m\u201d (\u0130\u015f. 66,12-13).<\/em><\/p>\n<p><em>Ruhumu sevindiren bu kadar tatl\u0131, bu kadar ahenkli s\u00f6zler duymam\u0131\u015ft\u0131m, beni Cennete \u00e7\u0131karacak asans\u00f6r, senin kollar\u0131nd\u0131 ey \u0130sa! Bunun i\u00e7in b\u00fcy\u00fcmeme gerek yok, tersine k\u00fc\u00e7\u00fck kalmam, hatta gitgide daha k\u00fc\u00e7\u00fck olmam gerekiyor.<\/em><\/p><\/blockquote>\n<p>Tereza 1897 y\u0131l\u0131nda misyoner olma hayalinin ger\u00e7ekle\u015fmek \u00fczere oldu\u011funu d\u00fc\u015f\u00fcnd\u00fc. \u015eu anda Vietnam\u2019da bulunan Hint\u00e7ini Hanoi\u2019deki Karmelitler Tereza\u2019y\u0131 kendilerine kat\u0131lmaya davet etti. Fakat Kutsal Cuma g\u00fcn\u00fc sabah erkenden a\u011fz\u0131ndan kan gelmeye ba\u015flad\u0131. Ve 30 Eyl\u00fcl 1897\u2019deki hayat\u0131n\u0131 almadan \u00f6nce aylarca ona eziyet edecek olan verem hastal\u0131\u011f\u0131na yakaland\u0131\u011f\u0131 anla\u015f\u0131ld\u0131.<\/p>\n<p>Tereza her ko\u015fulda sevgi i\u015flerini yapmay\u0131 \u00f6\u011frendi. Bu ke\u015ffetti\u011fi iman \u015fehitlerinin ve azizlerin iman\u0131n\u0131n ate\u015finin yakaca\u011f\u0131yd\u0131. Bu onun m\u00fckemmeliyete ula\u015fmaktaki \u201ck\u00fc\u00e7\u00fck yolunun\u201d, kalplerimizi ele ge\u00e7iren s\u0131rr\u0131yd\u0131. <em>\u201cB\u00fcy\u00fck i\u015fler bana yasak.\u00a0 Ne \u0130ncil\u2019i vaaz edebilirim, ne de kan\u0131m\u0131 d\u00f6kebilirim \u2013fakat bu neyi de\u011fi\u015ftirir? Karde\u015flerim benim yerime d\u00f6k\u00fcyorlar ve ben, k\u00fc\u00e7\u00fck \u00e7ocuk, Tanr\u0131\u2019n\u0131n taht\u0131na yak\u0131n duruyor ve sava\u015fanlar ad\u0131na seviyorum. Sevgi kendisini eylemlerle kan\u0131tlar. \u00c7i\u00e7ekler sa\u00e7acak, \u0130lahi Taht\u0131 kokulara bezeyece\u011fim, ve ho\u015f bir \u015fekilde sevgi ilahimi s\u00f6yleyece\u011fim. Bu \u00e7i\u00e7ekler \u00e7ok k\u00fc\u00e7\u00fck kurbanlar, her bak\u0131\u015f ve s\u00f6z, ve sevginin i\u015flerinin en k\u00fc\u00e7\u00fck olan\u0131n\u0131 yapmak.\u201d<\/em><\/p>\n<p>Azize Tereza 1925 y\u0131l\u0131nda Azize ilan edildi. Yabanc\u0131 misyonlar\u0131n, Fransa\u2019n\u0131n ve Rusya\u2019n\u0131n uzak b\u00f6lgelerinin patronudur. 1 Ekim onun bayram\u0131d\u0131r.[\/vc_column_text][\/vc_column][\/vc_row]<\/p>\n","protected":false},"excerpt":{"rendered":"<p>[vc_row css=&#8221;.vc_custom_1467124044141{margin-bottom: 20px !important;}&#8221;][vc_column width=&#8221;1\/3&#8243;][vc_single_image image=&#8221;1598&#8243; img_size=&#8221;full&#8221; style=&#8221;vc_box_rounded&#8221; css=&#8221;.vc_custom_1466757485044{border-radius: 4px !important;}&#8221;][vc_single_image image=&#8221;1750&#8243; img_size=&#8221;full&#8221; style=&#8221;vc_box_rounded&#8221; css=&#8221;.vc_custom_1467129650774{border-radius: 4px !important;}&#8221;][vc_single_image image=&#8221;1751&#8243; img_size=&#8221;full&#8221; style=&#8221;vc_box_rounded&#8221; css=&#8221;.vc_custom_1467129661156{border-radius: 4px !important;}&#8221;][\/vc_column][vc_column width=&#8221;2\/3&#8243;][vc_column_text]Lisieux\u2019un Tereza\u2019s\u0131 silik bir gen\u00e7, idealist Karmelit rahibesi oldu\u011fu halde en \u00e7ok sevilen azizlerden birisi haline geldi. Onun sadeli\u011fi bizi \u00e7ekiyor \u00e7\u00fcnk\u00fc o, kutsall\u0131\u011f\u0131 ula\u015fabilece\u011fimiz seviyeye koydu. Tereza, Louis ve Z\u00e9lie Martin\u2019in<\/p>\n","protected":false},"author":1,"featured_media":0,"parent":0,"menu_order":0,"comment_status":"closed","ping_status":"closed","template":"","meta":{"_monsterinsights_skip_tracking":false,"_monsterinsights_sitenote_active":false,"_monsterinsights_sitenote_note":"","_monsterinsights_sitenote_category":0,"footnotes":""},"class_list":["post-1594","page","type-page","status-publish","hentry"],"jetpack_shortlink":"https:\/\/wp.me\/P7UhDS-pI","jetpack_sharing_enabled":true,"_links":{"self":[{"href":"http:\/\/www.ankarakatolik.com\/tr\/wp-json\/wp\/v2\/pages\/1594","targetHints":{"allow":["GET"]}}],"collection":[{"href":"http:\/\/www.ankarakatolik.com\/tr\/wp-json\/wp\/v2\/pages"}],"about":[{"href":"http:\/\/www.ankarakatolik.com\/tr\/wp-json\/wp\/v2\/types\/page"}],"author":[{"embeddable":true,"href":"http:\/\/www.ankarakatolik.com\/tr\/wp-json\/wp\/v2\/users\/1"}],"replies":[{"embeddable":true,"href":"http:\/\/www.ankarakatolik.com\/tr\/wp-json\/wp\/v2\/comments?post=1594"}],"version-history":[{"count":10,"href":"http:\/\/www.ankarakatolik.com\/tr\/wp-json\/wp\/v2\/pages\/1594\/revisions"}],"predecessor-version":[{"id":1752,"href":"http:\/\/www.ankarakatolik.com\/tr\/wp-json\/wp\/v2\/pages\/1594\/revisions\/1752"}],"wp:attachment":[{"href":"http:\/\/www.ankarakatolik.com\/tr\/wp-json\/wp\/v2\/media?parent=1594"}],"curies":[{"name":"wp","href":"https:\/\/api.w.org\/{rel}","templated":true}]}}