{"id":1753,"date":"2016-06-28T16:09:12","date_gmt":"2016-06-28T16:09:12","guid":{"rendered":"http:\/\/www.ankarakatolik.com\/tr\/?page_id=1753"},"modified":"2016-06-29T11:49:27","modified_gmt":"2016-06-29T11:49:27","slug":"missa-ayini","status":"publish","type":"page","link":"http:\/\/www.ankarakatolik.com\/tr\/missa-ayini\/","title":{"rendered":"Kutsal Ayin"},"content":{"rendered":"<p>[vc_row][vc_column width=&#8221;1\/3&#8243;][vc_single_image image=&#8221;1757&#8243; img_size=&#8221;full&#8221; alignment=&#8221;center&#8221; style=&#8221;vc_box_rounded&#8221;][vc_single_image image=&#8221;1760&#8243; img_size=&#8221;full&#8221; alignment=&#8221;center&#8221; style=&#8221;vc_box_rounded&#8221;][vc_single_image image=&#8221;1761&#8243; img_size=&#8221;full&#8221; alignment=&#8221;center&#8221; style=&#8221;vc_box_rounded&#8221;][vc_single_image image=&#8221;1762&#8243; img_size=&#8221;full&#8221; alignment=&#8221;center&#8221; style=&#8221;vc_box_rounded&#8221;][vc_single_image image=&#8221;1763&#8243; img_size=&#8221;full&#8221; alignment=&#8221;center&#8221; style=&#8221;vc_box_rounded&#8221;][vc_single_image image=&#8221;1764&#8243; img_size=&#8221;full&#8221; alignment=&#8221;center&#8221; style=&#8221;vc_box_rounded&#8221;][vc_single_image image=&#8221;1765&#8243; img_size=&#8221;full&#8221; alignment=&#8221;center&#8221; style=&#8221;vc_box_rounded&#8221;][vc_single_image image=&#8221;1766&#8243; img_size=&#8221;full&#8221; alignment=&#8221;center&#8221; style=&#8221;vc_box_rounded&#8221;][vc_single_image image=&#8221;1767&#8243; img_size=&#8221;full&#8221; alignment=&#8221;center&#8221; style=&#8221;vc_box_rounded&#8221;][\/vc_column][vc_column width=&#8221;2\/3&#8243;][vc_column_text]Pazar g\u00fcn\u00fc, Mesih \u0130sa&#8217;n\u0131n dirildi\u011fi g\u00fcnd\u00fcr. Hristiyan inanc\u0131n\u0131n temelini olu\u015fturan bu olay, her Pazar g\u00fcn\u00fc Kutsal Ayini ile kutlan\u0131r. Kutsal Ayininin odak noktas\u0131 ise &#8220;Efkaristiya&#8221;d\u0131r.<\/p>\n<p><strong>Efkaristiya ne anlama gelir?<\/strong><\/p>\n<p>&#8220;Kurtar\u0131c\u0131m\u0131z, son yemekte, tutukland\u0131\u011f\u0131 gece, Ha\u00e7 \u00fczerindeki kurban\u0131n\u0131n yeniden gelinceye dek y\u00fczy\u0131llar boyunca s\u00fcrmesi i\u00e7in ve sevgili E\u015fi Kilise\u2019nin kendi \u00f6l\u00fcm\u00fcn\u00fc ve dirili\u015fini anmas\u0131 i\u00e7in Etinin ve Kan\u0131n\u0131n Efkaristiya kurban\u0131n\u0131 kurdu. Efkaristiya S\u0131rr\u0131, sevgi s\u0131rr\u0131d\u0131r, birlik i\u015faretidir, sevgi ba\u011f\u0131d\u0131r, Mesih\u2019in yiyecek olarak al\u0131nd\u0131\u011f\u0131 Paskalya sofras\u0131d\u0131r, ruhun nurla doldu\u011fu gelecekteki mutlulu\u011fun bize verilece\u011fini g\u00f6steren bir g\u00fcvencedir&#8230;Bu s\u0131rr\u0131n bitmez zenginli\u011fi, ona verilen de\u011fi\u015fik adlarla ifade edilir. Bu adlar\u0131n her biri Efkaristiya\u2019n\u0131n baz\u0131 g\u00f6r\u00fcn\u00fcmlerini an\u0131msat\u0131r. Ona \u015fu adlar verilir: Bu s\u0131rra\u00a0Efkaristiya\u00a0denir, \u00e7\u00fcnk\u00fc Tanr\u0131\u2019ya olan \u015f\u00fckran borcudur. ..Tanr\u0131\u2019n\u0131n eserleri, yarat\u0131l\u0131\u015f, kurtulu\u015f, kutlula\u015fma i\u00e7in kullan\u0131lan \u015f\u00fckran dileklerini g\u00f6sterir&#8230;.<em>Kom\u00fcnyon<\/em>\u00a0denir, zira bu s\u0131r arac\u0131l\u0131\u011f\u0131yla Mesih\u2019le birle\u015ferek tek bir beden olu\u015fturmak i\u00e7in onun Etine ve Kan\u0131na kat\u0131l\u0131r\u0131z&#8230;Kutsal Efkaristiya H\u0131ristiyanl\u0131\u011fa giri\u015fi tamamlar. Vaftizle soylu rahiplik onuruna y\u00fckseltilenler, G\u00fc\u00e7lendirme S\u0131rr\u0131 ile Mesih\u2019e daha derinden benzerler, Efkaristiya arac\u0131l\u0131\u011f\u0131yla da Rab\u2019bin kurban\u0131na b\u00fct\u00fcn cemaatle birlikte kat\u0131l\u0131rlar.&#8221;\u00a0<em>Katolik Kilisesi Din ve Ahlak \u0130lkelerinden.<\/em><\/p>\n<p><strong>\u00a0<em><u> Kutsal Ayininin kutlanmas\u0131<\/u><\/em><\/strong><\/p>\n<p><em>1-Cemaatin toplanmas\u0131 ve Tanr\u0131\u2019dan af dilenmesi<\/em><\/p>\n<p><strong><em>Giri\u015f Dualar\u0131<\/em><\/strong><\/p>\n<p><em>Giri\u015f s\u0131ras\u0131nda Rahip suna\u011fa do\u011fru gider, onu \u00f6per ve ha\u00e7 i\u015faretini yaparak \u015f\u00f6yle der;<\/em><\/p>\n<p>Rahip\u00a0\u00a0\u00a0\u00a0 : Peder, O\u011ful ve Kutsal Ruhun ad\u0131na.<\/p>\n<p>Cemaat : Amin<\/p>\n<p><strong><em>Rahip Cemaati \u015e\u00f6yle selamlar;<\/em><\/strong><\/p>\n<p>R &#8211; Rabbimiz Mesih \u0130sa&#8217;n\u0131n L\u00fctfu, Peder Tanr\u0131\u2019n\u0131n sevgisi ve birlik sa\u011flayan Kutsal Ruhun Kudreti daima sizinle olsun.<\/p>\n<p>C &#8211; Ve sizin ruhunuzla.<\/p>\n<p><strong><em>Selam \u015f\u00f6yle de olabilir;<\/em><\/strong><\/p>\n<p>R &#8211; Rab sizinle olsun<\/p>\n<p>C &#8211; Ve sizin ruhunuzla.<\/p>\n<p><em>veya;<\/em><\/p>\n<p>R &#8211; Pederimiz Tanr\u0131 ve Efendimiz Mesih \u0130sa sizlere bar\u0131\u015f ve kurtulu\u015f ba\u011f\u0131\u015flas\u0131n.<\/p>\n<p>C &#8211; \u015eimdi ve her zaman Tanr\u0131\u2019ya \u015f\u00fckredelim.<\/p>\n<p><strong><em>Rahip m\u00fcminleri t\u00f6vbe etmeye davet eder;<\/em><\/strong><\/p>\n<p>R &#8211; Kurtulu\u015f gizemini kutlamadan \u00f6nce g\u00fcnahkar oldu\u011fumuzu hat\u0131rlayal\u0131m ve pi\u015fmanl\u0131k duyarak Tanr\u0131\u2019dan af dileyelim.<\/p>\n<p>R ve C &#8211; Her \u015feye Kadir Tanr\u0131\u2019ya ve size karde\u015flerim, d\u00fc\u015f\u00fcncelerimle ve s\u00f6zlerimle, eylemlerimle ve ihmallerimle \u00e7ok g\u00fcnah i\u015fledi\u011fimi itiraf ediyorum. (<em>sa\u011f elin parmaklar\u0131 ile hafif\u00e7e kalbin \u00fczerine dokunarak<\/em>) Ger\u00e7ekten g\u00fcnah i\u015fledim. Bu nedenle Bakire Meryem Ana&#8217;ya Meleklere, b\u00fct\u00fcn Azizlere ve size karde\u015flerim, yalvar\u0131yorum, benim i\u00e7in Rabbimiz Tanr\u0131\u2019ya dua ediniz.<\/p>\n<p><strong><em>Rahip, m\u00fcminleri \u015fu \u015fekilde de t\u00f6vbeye davet edebilir;<\/em><\/strong><\/p>\n<p>R &#8211; Kurtulu\u015fumuzun gizemini kutlamadan \u00f6nce g\u00fcnahkar oldu\u011fumuzu hat\u0131rlayal\u0131m ve pi\u015fmanl\u0131k duyarak Tanr\u0131\u2019dan af dileyelim.<\/p>\n<p>R &#8211; Rabbim, y\u00fcce sevginle bizi ba\u011f\u0131\u015fla.<\/p>\n<p>C &#8211; \u00c7\u00fcnk\u00fc Sana kar\u015f\u0131 g\u00fcnah i\u015fledik.<\/p>\n<p>R &#8211; Rabbim merhametini bizden esirgeme<\/p>\n<p>C &#8211; Ve bizi selamete kavu\u015ftur.<\/p>\n<p><em>veya;<\/em><\/p>\n<p>R &#8211; Kurtulu\u015fumuzun gizemini kutlamadan \u00f6nce g\u00fcnahkar oldu\u011fumuzu hat\u0131rlayal\u0131m ve pi\u015fmanl\u0131k duyarak Tanr\u0131\u2019dan af dileyelim.<\/p>\n<p>R &#8211; \u0130nsanlar\u0131 ar\u0131tmak ve kurtarmak i\u00e7in Peder taraf\u0131ndan g\u00f6nderilen Rabbimiz Mesih, bize merhamet eyle.<\/p>\n<p>C &#8211; Bize merhamet eyle.<\/p>\n<p>R &#8211; B\u00fct\u00fcn g\u00fcnahkarlar\u0131 kurtulu\u015f yoluna \u00e7a\u011f\u0131rmak i\u00e7in bu d\u00fcnyaya gelen Rabbimiz Mesih bize merhamet eyle.<\/p>\n<p>C &#8211; Bize merhamet eyle.<\/p>\n<p>R &#8211; G\u00f6\u011fe y\u00fckselen ve Pederin huzurunda bizler i\u00e7in yalvaran Mesih, bize merhamet eyle<\/p>\n<p>C &#8211; Bize merhamet eyle.<\/p>\n<p>R &#8211; Her \u015feye Kadir Tanr\u0131 bize merhamet etsin, g\u00fcnahlar\u0131m\u0131z\u0131 affetsin ve bizi ebedi hayata kavu\u015ftursun.<\/p>\n<p>C &#8211; Amin.<\/p>\n<p>R &#8211; Rabbim bize merhamet eyle<\/p>\n<p>C &#8211; Rabbim bize merhamet eyle<\/p>\n<p>R &#8211; Mesih \u0130sa bize merhamet eyle<\/p>\n<p>C &#8211; Mesih \u0130sa bize merhamet eyle<\/p>\n<p>R- Rabbim bize merhamet eyle<\/p>\n<p>C &#8211; Rabbim bize merhamet eyle<\/p>\n<p>R ve C &#8211; G\u00f6klerdeki y\u00fcce Tanr\u0131\u2019ya \u00f6vg\u00fcler olsun ve yery\u00fcz\u00fcnde iyi niyetli insanlara bar\u0131\u015f gelsin. Seni \u00f6veriz, Seni y\u00fcceltiriz, Sana ibadet ederiz, Sana hamdederiz. Y\u00fcce Tanr\u0131, g\u00f6klerin kral\u0131, her \u015feye kadir Peder Tanr\u0131, sonsuz \u015fan\u0131n i\u00e7in sana \u015f\u00fckrederiz. Mesih \u0130sa biricik O\u011ful, Y\u00fcce Tanr\u0131, Tanr\u0131\u2019n\u0131n kurban\u0131, Pederin O\u011flu, d\u00fcnyan\u0131n g\u00fcnahlar\u0131n\u0131 kald\u0131ran sen, bize merhamet eyle. D\u00fcnyan\u0131n g\u00fcnahlar\u0131n\u0131 kald\u0131ran sen, dualar\u0131m\u0131z\u0131 kabul eyle. Y\u00fcce Tanr\u0131\u2019n\u0131n sa\u011f\u0131nda oturan sen, bize merhamet eyle. \u00c7\u00fcnk\u00fc yaln\u0131z sen kutsals\u0131n, yaln\u0131z sen Rabbimizsin, yaln\u0131z sen y\u00fccesin. Ey Mesih \u0130sa, Kutsal Ruh&#8217;la birlikte Peder Tanr\u0131\u2019n\u0131n \u015fan\u0131ndas\u0131n.Amin.<\/p>\n<p><strong><em>Rahip cemaatin ad\u0131na pazar g\u00fcn\u00fcne veya bayrama ait \u00f6zel duay\u0131 okur.\u00a0\u00a0<\/em><\/strong><\/p>\n<p>R &#8211; Dua edelim.<\/p>\n<p><strong><em>Dua sonunda,<\/em><\/strong><\/p>\n<p>C &#8211; Amin.<\/p>\n<p><strong><em><u>2- Kutsal Kitab\u0131n okunmas\u0131\u00a0<\/u><\/em><\/strong><\/p>\n<p><em>\u0130ncili sadece Rahip ya da diyakon okur. Di\u011fer okumalar\u0131 yapanlar k\u00fcrs\u00fcye yakla\u015f\u0131rken, efkaristiya&#8217;n\u0131n bulundu\u011fu \u00f6zel alan\u0131n kutsall\u0131\u011f\u0131na uygun davranmal\u0131, k\u00fcrs\u00fcden \u00f6nce ve sonra diz \u00e7\u00f6kerek ya da e\u011filerek selamlamal\u0131 ve okumalar\u0131 a\u00e7\u0131k\u00e7a anla\u015f\u0131lacak \u015fekilde yapmal\u0131d\u0131rlar. Okunan her par\u00e7a \u015fu s\u00f6zlerle bitirilir;<\/em><\/p>\n<p>R &#8211; \u0130\u015fte Rabbin s\u00f6zleridir.<\/p>\n<p>C &#8211; Rabbim Sana \u015f\u00fck\u00fcrler olsun.<\/p>\n<p>&nbsp;<\/p>\n<p><strong><em>Rahip, \u0130ncili okumadan \u00f6nce al\u00e7ak sesle \u015fu duay\u0131 s\u00f6yler;<\/em><\/strong><\/p>\n<p>R &#8211; Her \u015feye kadir Tanr\u0131, Kutsal \u0130ncilini Sana lay\u0131k bir \u015fekilde iletebilmem i\u00e7in kalbimi ve dudaklar\u0131m\u0131 ar\u0131t.<\/p>\n<p><strong><em>sonra \u015f\u00f6yle devam eder,<\/em><\/strong><\/p>\n<p>R &#8211; Rab sizinle olsun<\/p>\n<p><strong><em>herkes aya\u011fa kalkmal\u0131d\u0131r,<\/em><\/strong><\/p>\n<p>C &#8211; Ve sizin ruhunuzla<\/p>\n<p>R &#8211; Aziz &#8230;. taraf\u0131ndan yaz\u0131lan Mesih \u0130sa&#8217;n\u0131n \u0130ncilinden s\u00f6zler<\/p>\n<p><em>Rahiple beraber herkes sa\u011f elleriyle al\u0131nlar\u0131na dudaklar\u0131na ve kalpleri \u00fczerine ha\u00e7 i\u015fareti yaparlar.<\/em><\/p>\n<p>C &#8211; Rabbimiz \u0130sa Mesih Sana \u00f6vg\u00fcler olsun.<\/p>\n<p><em>Rahip \u0130ncili okuduktan sonra \u015f\u00f6yle der,<\/em><\/p>\n<p>R &#8211; Dinledi\u011fimiz bu kutsal s\u00f6zler i\u00e7in Rabbe \u015f\u00fckredelim.<\/p>\n<p>C &#8211; Rabbimiz Mesih \u0130sa Sana \u015f\u00fck\u00fcrler olsun.<\/p>\n<p><em>rahip \u0130ncili \u00f6per ve al\u00e7ak sesle \u015f\u00f6yle der,<\/em><\/p>\n<p>R &#8211; \u0130ncilin s\u00f6zleri sayesinde g\u00fcnahlar\u0131m\u0131z ba\u011f\u0131\u015flans\u0131n.<\/p>\n<h3><em><u>B\u00fcy\u00fck \u0130man A\u00e7\u0131klamas\u0131\u00a0\u00a0<\/u><\/em><\/h3>\n<p>R ve C &#8211; Bir tek Tanr\u0131\u2019ya inan\u0131yorum. Yerin ve g\u00f6\u011f\u00fcn, g\u00f6r\u00fcnen ve g\u00f6r\u00fcnmeyen t\u00fcm varl\u0131klar\u0131n yaradan\u0131, her \u015feye kadir Peder Tanr\u0131\u2019ya inan\u0131yorum. T\u00fcm as\u0131rlardan \u00f6nce Pederden do\u011fmu\u015f olan, Tanr\u0131\u2019n\u0131n biricik O\u011flu, bir tek Rab olan Mesih \u0130saya inan\u0131yorum. O Tanr\u0131dan Tanr\u0131, Nurdan Nur, ger\u00e7ek Tanr\u0131dan ger\u00e7ek Tanr\u0131d\u0131r.. Yarat\u0131lm\u0131\u015f olmay\u0131p Peder ile ayn\u0131 \u00f6zdedir ve her \u015fey O&#8217;nun arac\u0131l\u0131\u011f\u0131 ile yarat\u0131lm\u0131\u015ft\u0131r.Biz insanlar ve kurtulu\u015fumuz i\u00e7in g\u00f6kten inmi\u015f, Kutsal Ruhun kudretiyle Bakire Meryemden v\u00fccut al\u0131p insan olmu\u015ftur. Pontius Platus zaman\u0131nda bizim i\u00e7in ac\u0131 \u00e7ekerek \u00e7arm\u0131ha gerilmi\u015f, \u00f6lm\u00fc\u015f, g\u00f6m\u00fclm\u00fc\u015f ve Kutsal yaz\u0131lara g\u00f6re \u00fc\u00e7 g\u00fcn sonra dirilmi\u015ftir. G\u00f6\u011fe \u00e7\u0131km\u0131\u015f ve Pederin sa\u011f\u0131nda oturmaktad\u0131r.Dirileri ve \u00f6l\u00fcleri yarg\u0131lamak i\u00e7in \u015fanla tekrar gelecek ve O&#8217;nun h\u00fck\u00fcmdarl\u0131\u011f\u0131 son bulmayacakt\u0131r.Peygamberler arac\u0131l\u0131\u011f\u0131 ile konu\u015fmu\u015f olan, Peder ve O\u011fuldan \u00e7\u0131k\u0131p, Peder ve O\u011ful ile birlikte tap\u0131lan ve y\u00fcceltilen, hayat\u0131n kayna\u011f\u0131 ve Rab olan Kutsal Ruh&#8217;a inan\u0131yorum.Havarilerin inanc\u0131na dayanan, katolik ve kutsal olan tek Kiliseye inan\u0131yorum. G\u00fcnahlar\u0131n affedilmesi i\u00e7in tek bir vaftizi kabul ediyorum. \u00d6l\u00fclerin dirili\u015fini ve ebedi hayat\u0131 bekliyorum.Amin.<\/p>\n<p><strong><em><u>3 &#8211; Ekme\u011fin ve \u015farab\u0131n sunulmas\u0131\u00a0<\/u><\/em><\/strong><\/p>\n<p><em>Rahip ekme\u011fi al\u0131r ve onu sunarken \u015f\u00f6yle der;<\/em><\/p>\n<p>R &#8211; Ey Rabbimiz, b\u00fct\u00fcn evrenin Tanr\u0131s\u0131, Sana \u015f\u00fckrederiz, \u00e7\u00fcnk\u00fc topra\u011f\u0131n ve insan eme\u011finin \u00fcr\u00fcn\u00fc olan bu ekme\u011fi bize sen verdin.\u00a0 Onu y\u00fcce ha\u015fmetine sunar\u0131z. Bu ekmek bizler i\u00e7in hayat ekme\u011fi olacakt\u0131r.<\/p>\n<p>C &#8211; \u015eimdi ve her zaman Tanr\u0131\u2019ya \u015f\u00fckredelim.<\/p>\n<p><em>Rahip \u015farab\u0131 kupaya d\u00f6ker ve ona biraz su katarak \u015fu duay\u0131 s\u00f6yler,<\/em><\/p>\n<p>R &#8211; Nas\u0131l bu kutsal ayin s\u0131ras\u0131nda su \u015farapla kar\u0131\u015f\u0131yorsa, biz de bu sevgi gizi arac\u0131l\u0131\u011f\u0131yla insanl\u0131\u011f\u0131m\u0131z\u0131 payla\u015fm\u0131\u015f olan Mesih&#8217;in ilahi hayat\u0131 ile birle\u015felim.<\/p>\n<p><em>Rahip \u015farab\u0131 sunarken \u015fu duay\u0131 s\u00f6yler,<\/em><\/p>\n<p>R &#8211; Ey Rabbimiz b\u00fct\u00fcn evrenin Tanr\u0131s\u0131 Sana \u015f\u00fckrederiz; \u00e7\u00fcnk\u00fc asman\u0131n ve insan eme\u011finin \u00fcr\u00fcn\u00fc olan bu \u015farab\u0131 bize sen verdin. Onu y\u00fcce ha\u015fmetine sunar\u0131z. Bu \u015farap bizler i\u00e7in ebedi hayat\u0131n kayna\u011f\u0131 olacakt\u0131r.<\/p>\n<p>C &#8211; \u015eimdi ve her zaman Tanr\u0131\u2019ya \u015f\u00fckredelim.<\/p>\n<p><em>Bundan sonra Rahip al\u00e7ak sesle duaya \u015f\u00f6yle devam eder,<\/em><\/p>\n<p>R &#8211; Merhametli Tanr\u0131, ne kadar al\u00e7akg\u00f6n\u00fcll\u00fc ve pi\u015fman oldu\u011fumuzu g\u00f6r ve bizi kabul et ki, bu g\u00fcn\u00fcn sonunda sundu\u011fumuz bu adaklar senin ho\u015fnutlu\u011funu kazans\u0131n.<\/p>\n<p><em>Rahip ellerini y\u0131karken al\u00e7ak sesle \u015fu duay\u0131 s\u00f6yler,<\/em><\/p>\n<p>R &#8211; Rabbim, t\u00fcm su\u00e7lar\u0131mdan beni y\u0131ka ve her g\u00fcnahtan beni ar\u0131t.<\/p>\n<p><em>Rahip, cemaati kendi duas\u0131na kat\u0131lmaya davet eder,\u00a0<\/em><\/p>\n<p>R &#8211; Karde\u015flerim, Tanr\u0131\u2019n\u0131n benim ve sizin kurban\u0131n\u0131z\u0131 sevgiyle kabul etmesi i\u00e7in hep beraber dua edelim.<\/p>\n<p>C &#8211; Tanr\u0131, kendi ad\u0131n\u0131n \u015fan\u0131 ve y\u00fcceli\u011fi, bizim ve t\u00fcm Kilisenin iyili\u011fi i\u00e7in senin ellerinden bu kurban\u0131 kabul etsin.<\/p>\n<p><em>Rahip adaklar \u00fczerine o g\u00fcne ait duay\u0131 s\u00f6yler. Duan\u0131n sonunda cemaat \u015f\u00f6yle der,<\/em><\/p>\n<p>C &#8211; Amin.<\/p>\n<p><em><u>4- \u015e\u00fckran duas\u0131na giri\u015f<\/u><\/em><\/p>\n<p>R &#8211; Rab sizinle olsun<\/p>\n<p><em>Herkes aya\u011fa kalkar,<\/em><\/p>\n<p>C &#8211; Ve sizin ruhunuzla<\/p>\n<p>R &#8211; Kalplerimizi Tanr\u0131\u2019ya y\u00fckseltelim.<\/p>\n<p>C &#8211; Kalplerimiz Rab iledir.<\/p>\n<p>R &#8211; Rabbimiz Tanr\u0131\u2019ya \u015f\u00fckredelim.<\/p>\n<p>C &#8211; Ger\u00e7ekten bu do\u011fru ve gereklidir.<\/p>\n<p><em>Rahip o g\u00fcne ait duay\u0131 s\u00f6yler ve sonunda cemaatle birlikte \u015funu s\u00f6yler;<\/em><\/p>\n<p>R ve C &#8211; Kutsal, Kutsal, Kutsal evrenin Tanr\u0131s\u0131. G\u00f6kler ve yerler \u015fan\u0131nla doludur. Hosanna g\u00f6klerdeki y\u00fcce Tanr\u0131\u2019ya. Rabbin ad\u0131na gelen y\u00fcceltilsin. Hosanna g\u00f6klerdeki y\u00fcce Tanr\u0131\u2019ya.<\/p>\n<p><strong><em>\u015e\u00fckran Dualar\u0131<\/em><\/strong><\/p>\n<p><em>Herkes diz \u00e7\u00f6ker,<\/em><\/p>\n<p>R &#8211; Rabbimiz, ger\u00e7ekten sen kutsals\u0131n ve her m\u00fckemmelli\u011fin kayna\u011f\u0131s\u0131n. Sana yalvar\u0131yoruz, Tanr\u0131m, bu adaklar\u0131 Rabbimiz \u0130sa Mesih&#8217;in bedeni ve kan\u0131 olmalar\u0131 i\u00e7in, onlar\u0131 Kutsal Ruhun kudretiyle kutsal k\u0131l.<\/p>\n<p>R &#8211; Mesih \u0130sa ele verilip, kendi iradesiyle \u00f6l\u00fcme do\u011fru y\u00fcr\u00fcd\u00fc\u011f\u00fc zaman,ekme\u011fi ald\u0131, sana \u015f\u00fckrederek onu b\u00f6ld\u00fc ve Havarilerine vererek \u015f\u00f6yle dedi; ALINIZ VE HEP\u0130N\u0130Z Y\u0130Y\u0130N\u0130Z; BU S\u0130ZLER \u0130\u00c7\u0130N KURBAN ED\u0130LEN BEN\u0130M BEDEN\u0130MD\u0130R. Ayn\u0131 \u015fekilde yemekten sonra, \u015farap kupas\u0131n\u0131 ald\u0131, tekrar sana \u015f\u00fckretti, onu Havarilerine vererek \u015f\u00f6yle dedi; ALINIZ VE HEP\u0130N\u0130Z BU KUPADAN \u0130\u00c7\u0130N\u0130Z; BU BEN\u0130M KANIMDIR. YEN\u0130 VE EBED\u0130 AHD\u0130N KANI. O, G\u00dcNAHLARIN BA\u011eI\u015eLANMASI \u0130\u00c7\u0130N S\u0130Z\u0130N VE B\u00dcT\u00dcN \u0130NSANLAR U\u011eRUNA D\u00d6K\u00dcLECEKT\u0130R.BUNU BEN\u0130 ANMAK \u0130\u00c7\u0130N YAPINIZ.<\/p>\n<p>R &#8211; \u0130man\u0131n gizi b\u00fcy\u00fckt\u00fcr.<\/p>\n<p>C &#8211; Rabbimiz Mesih \u0130sa, senin \u00f6l\u00fcm\u00fcn\u00fc an\u0131yoruz, dirili\u015fini kutluyor ve \u015fanl\u0131 geli\u015fini bekliyoruz.<\/p>\n<p>R &#8211; Tanr\u0131m, O\u011flunun \u00f6l\u00fcm\u00fc ve dirili\u015fini anarak, bu ebedi hayat\u0131n ekme\u011fini ve kurtulu\u015f kupas\u0131n\u0131 sana sunarak \u015f\u00fckrediyoruz, \u00e7\u00fcnk\u00fc huzurunda sana hizmet etmeye bizleri lay\u0131k g\u00f6rd\u00fcn. Al\u00e7akg\u00f6n\u00fcll\u00fcl\u00fckle sana yalvar\u0131yoruz, Mesih \u0130sa&#8217;n\u0131n bedenini ve kan\u0131n\u0131 payla\u015ft\u0131\u011f\u0131m\u0131z zaman, Kutsal Ruhun Kudretiyle hepimizin toplanmas\u0131n\u0131 ve birlik i\u00e7inde ya\u015famas\u0131n\u0131 sa\u011fla.<\/p>\n<p>R &#8211; B\u00fct\u00fcn d\u00fcnyaya yay\u0131lm\u0131\u015f olan Kiliseni hat\u0131rla, Rabbim, Papa &#8230;&#8230;Hazretleri, Episkoposumuz\u00a0 &#8230;&#8230;&#8230;ve senin hizmetinde bulunanlarla birlikte, Kiliseni sevginle g\u00fc\u00e7lendir.<\/p>\n<p>R &#8211; Her \u015feye kadir Peder Tanr\u0131, Kutsal Ruhun sa\u011flad\u0131\u011f\u0131 birlik i\u00e7inde, Mesih sayesinde, Mesih i\u00e7inde ve Mesih&#8217;le birlikte as\u0131rlar boyunca sana \u015fan ve \u00f6vg\u00fcler olsun.<\/p>\n<p>C &#8211; Amin.<\/p>\n<p><strong><em><u>5 &#8211; Kom\u00fcnyon\u00a0\u00a0<\/u><\/em><\/strong><\/p>\n<p>R &#8211; Kurtar\u0131c\u0131m\u0131z Mesih \u0130sa&#8217;n\u0131n bize \u00f6\u011fretti\u011fi duay\u0131 iman ve g\u00fcvenle s\u00f6yleyelim.<\/p>\n<p>C &#8211; G\u00f6klerdeki Pederimiz, ad\u0131n y\u00fcceltilsin, h\u00fck\u00fcmdarl\u0131\u011f\u0131n gelsin, g\u00f6klerde oldu\u011fu gibi yery\u00fcz\u00fcnde de senin iste\u011fin olsun. G\u00fcnl\u00fck ekme\u011fimizi bu g\u00fcn de bize ver, bize k\u00f6t\u00fcl\u00fck edenleri ba\u011f\u0131\u015flad\u0131\u011f\u0131m\u0131z gibi sen de ba\u011f\u0131\u015fla su\u00e7lar\u0131m\u0131z\u0131. Bizi g\u00fcnah i\u015flemekten koru ve k\u00f6t\u00fcl\u00fckten kurtar.<\/p>\n<p>R &#8211; Her k\u00f6t\u00fcl\u00fckten bizi kurtar, Tanr\u0131m, g\u00fcnlerimizi bar\u0131\u015f ve huzur i\u00e7inde ge\u00e7irmemize yard\u0131m et. Merhametinle g\u00fcnahtan bizi kurtar. Sonsuz mutlulu\u011fun \u00fcmidi i\u00e7inde ya\u015fayan ve kurtar\u0131c\u0131m\u0131z Mesih \u0130sa&#8217;n\u0131n geli\u015fini bekleyen bizleri ya\u015famdaki zorluklar kar\u015f\u0131s\u0131nda koru ve kuvvetlendir.<\/p>\n<p>C &#8211; \u00c7\u00fcnk\u00fc h\u00fck\u00fcmdarl\u0131k, kudret ve y\u00fccelik ebediyen senindir.<\/p>\n<p>R &#8211; Rabbimiz \u0130sa Mesih, Havarilerine &#8220;sizleri bar\u0131\u015f i\u00e7inde b\u0131rak\u0131yorum, size benim huzurumu veriyorum&#8221; dedin. G\u00fcnahlar\u0131m\u0131za de\u011fil, Kilisenin iman\u0131na bak ve ona iste\u011fine g\u00f6re birlik ve bar\u0131\u015f ba\u011f\u0131\u015fla. Sen, Tanr\u0131 olarak ebediyen vars\u0131n ve h\u00fckmedersin.<\/p>\n<p>C &#8211; Amin.<\/p>\n<p>R &#8211; Rabbin selameti daima sizinle olsun<\/p>\n<p>C &#8211; Ve sizin ruhunuzla.<\/p>\n<p>R &#8211; Karde\u015flerim, Mesih&#8217;in sevgisi i\u00e7inde birbirimize bar\u0131\u015f ve huzur dileyelim.<\/p>\n<p><em>Rahip al\u00e7ak sesle devam eder,<\/em><\/p>\n<p>R &#8211; Bu kupada birle\u015fmi\u015f olan Mesih \u0130sa&#8217;n\u0131n bedeni ve kan\u0131 bizler i\u00e7in ebedi hayat\u0131n kayna\u011f\u0131 olsun.<\/p>\n<p><em>herkes birbirine bar\u0131\u015f ve huzur diler,<\/em><\/p>\n<p>&nbsp;<\/p>\n<p>R ve C &#8211; Ey insanlar\u0131n g\u00fcnahlar\u0131n\u0131 kald\u0131ran Tanr\u0131\u2019n\u0131n kurban\u0131, bize merhamet eyle, Ey insanlar\u0131n g\u00fcnahlar\u0131n\u0131 kald\u0131ran Tanr\u0131\u2019n\u0131n kurban\u0131, bize merhamet eyle, Ey insanlar\u0131n g\u00fcnahlar\u0131n\u0131 kald\u0131ran Tanr\u0131\u2019n\u0131n kurban\u0131, bize bar\u0131\u015f ve huzur ba\u011f\u0131\u015fla.<\/p>\n<p><em>Rahip kutsal ekme\u011fi cemaate g\u00f6sterir herkes diz \u00e7\u00f6ker,<\/em><\/p>\n<p>R\u00a0<em>&#8211;\u00a0<\/em>\u00a0Ne mutlu Rabbin sofras\u0131na davet edilenlere! \u0130\u015fte Tanr\u0131\u2019n\u0131n kurban\u0131. D\u00fcnyay\u0131 g\u00fcnahlar\u0131ndan kurtaran budur!<\/p>\n<p>C &#8211;\u00a0 Rabbim bana gelmene lay\u0131k de\u011filim ancak tek bir s\u00f6z s\u00f6yle ruhum \u015fifa bulacakt\u0131r.<\/p>\n<p><em>Rahip Kutsal Ekme\u011fi al\u0131rken \u015f\u00f6yle der,<\/em><\/p>\n<p>R &#8211; Mesih&#8217;in bedeni bizi ebedi hayat i\u00e7in korusun.<\/p>\n<p><em>Rahip kupay\u0131 al\u0131rken \u015f\u00f6yle der,<\/em><\/p>\n<p>R &#8211; Mesih&#8217;in kan\u0131 bizi ebedi hayat i\u00e7in korusun.<\/p>\n<p><em>Rahip, kutsal ekme\u011fi verirken, &#8220;Mesih&#8217;in bedeni&#8221; der ve kom\u00fcnyonu alan\u00a0 &#8220;Amin&#8221; der. Vaftiz olmam\u0131\u015f ya da haz\u0131rlanmam\u0131\u015f olanlar kom\u00fcnyon alamazlar. Sadece takdis alabilirler.<\/em><\/p>\n<p><em>Kom\u00fcnyondan Sonra Dua<\/em><\/p>\n<p><em>Rahip cemaatin ad\u0131na dua eder, herkes aya\u011fa kalkar,<\/em><\/p>\n<p>R &#8211; Dua edelim&#8230;&#8230;<\/p>\n<p>C &#8211; Amin.<\/p>\n<p>&nbsp;<\/p>\n<p><strong><em><u>6 &#8211; Son Takdis<\/u><\/em><\/strong><\/p>\n<p>R &#8211; Rab sizinle olsun<\/p>\n<p>C &#8211; Ve sizin ruhunuzla<\/p>\n<p>R &#8211; Her \u015feye kadir ve tek Tanr\u0131 olan Peder, O\u011ful ve Kutsal Ruh sizleri takdis etsin.<\/p>\n<p>C &#8211;<em>\u00a0(ha\u00e7 i\u015fareti yaparak\u00a0<\/em>)Amin<em>.<\/em><\/p>\n<p>R &#8211; Tanr\u0131\u2019n\u0131n sevgisi ve bar\u0131\u015f i\u00e7inde gidiniz.<\/p>\n<p>C &#8211; Tanr\u0131\u2019ya \u015f\u00fck\u00fcrler olsun.[\/vc_column_text][\/vc_column][\/vc_row]<\/p>\n","protected":false},"excerpt":{"rendered":"<p>[vc_row][vc_column width=&#8221;1\/3&#8243;][vc_single_image image=&#8221;1757&#8243; img_size=&#8221;full&#8221; alignment=&#8221;center&#8221; style=&#8221;vc_box_rounded&#8221;][vc_single_image image=&#8221;1760&#8243; img_size=&#8221;full&#8221; alignment=&#8221;center&#8221; style=&#8221;vc_box_rounded&#8221;][vc_single_image image=&#8221;1761&#8243; img_size=&#8221;full&#8221; alignment=&#8221;center&#8221; style=&#8221;vc_box_rounded&#8221;][vc_single_image image=&#8221;1762&#8243; img_size=&#8221;full&#8221; alignment=&#8221;center&#8221; style=&#8221;vc_box_rounded&#8221;][vc_single_image image=&#8221;1763&#8243; img_size=&#8221;full&#8221; alignment=&#8221;center&#8221; style=&#8221;vc_box_rounded&#8221;][vc_single_image image=&#8221;1764&#8243; img_size=&#8221;full&#8221; alignment=&#8221;center&#8221; style=&#8221;vc_box_rounded&#8221;][vc_single_image image=&#8221;1765&#8243; img_size=&#8221;full&#8221; alignment=&#8221;center&#8221; style=&#8221;vc_box_rounded&#8221;][vc_single_image image=&#8221;1766&#8243; img_size=&#8221;full&#8221; alignment=&#8221;center&#8221; style=&#8221;vc_box_rounded&#8221;][vc_single_image image=&#8221;1767&#8243; img_size=&#8221;full&#8221; alignment=&#8221;center&#8221; style=&#8221;vc_box_rounded&#8221;][\/vc_column][vc_column width=&#8221;2\/3&#8243;][vc_column_text]Pazar g\u00fcn\u00fc, Mesih \u0130sa&#8217;n\u0131n dirildi\u011fi g\u00fcnd\u00fcr. Hristiyan inanc\u0131n\u0131n temelini olu\u015fturan bu olay, her Pazar g\u00fcn\u00fc Kutsal Ayini<\/p>\n","protected":false},"author":1,"featured_media":0,"parent":0,"menu_order":0,"comment_status":"closed","ping_status":"closed","template":"","meta":{"_monsterinsights_skip_tracking":false,"_monsterinsights_sitenote_active":false,"_monsterinsights_sitenote_note":"","_monsterinsights_sitenote_category":0,"footnotes":""},"class_list":["post-1753","page","type-page","status-publish","hentry"],"jetpack_shortlink":"https:\/\/wp.me\/P7UhDS-sh","jetpack_sharing_enabled":true,"_links":{"self":[{"href":"http:\/\/www.ankarakatolik.com\/tr\/wp-json\/wp\/v2\/pages\/1753","targetHints":{"allow":["GET"]}}],"collection":[{"href":"http:\/\/www.ankarakatolik.com\/tr\/wp-json\/wp\/v2\/pages"}],"about":[{"href":"http:\/\/www.ankarakatolik.com\/tr\/wp-json\/wp\/v2\/types\/page"}],"author":[{"embeddable":true,"href":"http:\/\/www.ankarakatolik.com\/tr\/wp-json\/wp\/v2\/users\/1"}],"replies":[{"embeddable":true,"href":"http:\/\/www.ankarakatolik.com\/tr\/wp-json\/wp\/v2\/comments?post=1753"}],"version-history":[{"count":10,"href":"http:\/\/www.ankarakatolik.com\/tr\/wp-json\/wp\/v2\/pages\/1753\/revisions"}],"predecessor-version":[{"id":1835,"href":"http:\/\/www.ankarakatolik.com\/tr\/wp-json\/wp\/v2\/pages\/1753\/revisions\/1835"}],"wp:attachment":[{"href":"http:\/\/www.ankarakatolik.com\/tr\/wp-json\/wp\/v2\/media?parent=1753"}],"curies":[{"name":"wp","href":"https:\/\/api.w.org\/{rel}","templated":true}]}}