{"id":1900,"date":"2018-10-22T12:21:05","date_gmt":"2018-10-22T10:21:05","guid":{"rendered":"http:\/\/www.ankarakatolik.com\/tr\/?page_id=1900"},"modified":"2018-10-22T12:22:20","modified_gmt":"2018-10-22T10:22:20","slug":"katolik-kilisesinin-imani","status":"publish","type":"page","link":"http:\/\/www.ankarakatolik.com\/tr\/katolik-kilisesinin-imani\/","title":{"rendered":"Katolik kilisesinin iman\u0131 ve \u00f6\u011fretisi nedir?"},"content":{"rendered":"<p>[vc_row][\/vc_row][vc_row][vc_column][vc_empty_space height=&#8221;22px&#8221;][vc_custom_heading stripe_pos=&#8221;hide&#8221; stm_title_font_weight=&#8221;900&#8243; text=&#8221;Katolik Kilisesinin iman\u0131 ve \u00f6\u011fretisi nedir?&#8221; font_container=&#8221;tag:h3|text_align:left&#8221; use_theme_fonts=&#8221;yes&#8221; css=&#8221;.vc_custom_1540201809645{margin-bottom: -20px !important;}&#8221;][vc_column_text]<span style=\"color: #000000;\">Katolik Kilisesinin doktrinlerini be\u015f ba\u015fl\u0131kta inceleyebiliriz:<\/span><\/p>\n<p><span style=\"color: #000000;\"><strong>A)<\/strong> Bizim i\u00e7in sevgi olan Tanr\u0131, insanlar\u0131n mutlulu\u011funu arzulamaktad\u0131r. Bu nedenle Tanr\u0131, ezelden beri kendisi i\u00e7in hi\u00e7bir \u00e7\u0131kar ya da zorunluluk s\u00f6z konusu olmad\u0131\u011f\u0131 halde, ba\u015fka varl\u0131klara v\u00fccut vermek istemi\u015ftir. Tanr\u0131 bu varl\u0131klar\u0131, kendisine benzer, d\u00fc\u015f\u00fcnce sahibi ve \u00f6zg\u00fcr olarak yaratm\u0131\u015ft\u0131r. Tanr\u0131 bu varl\u0131klara mutlulu\u011fu sonsuz olarak vermeden \u00f6nce, bunlar\u0131n yery\u00fcz\u00fcnde k\u0131sa bir ya\u015fam boyunca, kendisi ile birlikte ba\u015fkalar\u0131n\u0131n mutlulu\u011funa katk\u0131da bulunmalar\u0131n\u0131 istemi\u015ftir (\u0130nsan\u0131n yarat\u0131l\u0131\u015f\u0131 ve g\u00f6revleri).<\/span><\/p>\n<p><span style=\"color: #000000;\"><strong>B)<\/strong> Tanr\u0131, yaratt\u0131\u011f\u0131 varl\u0131klara, kendi ilahi hayat\u0131na kat\u0131lmak olana\u011f\u0131n\u0131 vermek istemi\u015ftir. Bu nedenle onlar\u0131, yery\u00fcz\u00fcndeki hayatlar\u0131nda bile, kendisi ile \u00e7ok yak\u0131n ve i\u00e7ten bir ili\u015fki i\u00e7inde olmaya \u00e7a\u011f\u0131rm\u0131\u015ft\u0131r (Yery\u00fcz\u00fcnde Tanr\u0131-\u0130nsan ili\u015fkisi \u2013 Y\u00fcksek Bir Ya\u015fama \u00c7a\u011fr\u0131).<\/span><\/p>\n<p><span style=\"color: #000000;\"><strong>C)<\/strong> Tanr\u0131, arma\u011fanlar\u0131n\u0131 esirgemedi\u011fi bu varl\u0131klara, \u00e7a\u011fr\u0131s\u0131na yan\u0131t vermekten ka\u00e7\u0131nmak olana\u011f\u0131n\u0131 vermi\u015f olup, onlar\u0131n g\u00fcnah i\u015fleyeceklerini ba\u015f\u0131ndan beri biliyordu (Asli g\u00fcnah).<\/span><\/p>\n<p><span style=\"color: #000000;\"><strong>D)<\/strong> Tanr\u0131, insan\u0131n \u00f6zg\u00fcr olu\u015funun sonucu olarak, ba\u015far\u0131s\u0131zl\u0131\u011fa u\u011frayan bir eserle ili\u015fi\u011fini kesecek yerde, sevgisini, insanlar\u0131n hatas\u0131n\u0131 tamir etmeye kadar vard\u0131rmaktad\u0131r. Bu ama\u00e7la hem Tanr\u0131 hem insan olan, hayat\u0131n\u0131 kurban olarak sunmak suretiyle, Yaratan ile yaratt\u0131klar\u0131 aras\u0131nda yeni bir s\u00f6zle\u015fme olu\u015fturan ve Mesih \u0130sa ad\u0131n\u0131 verdi\u011fimiz kimse olmu\u015ftur.<\/span><\/p>\n<p><span style=\"color: #000000;\"><strong>E)<\/strong> Tanr\u0131, kurdu\u011fu d\u00fczeni ve tamir \u00e7abas\u0131n\u0131 kabul eden insanlar\u0131n, Tanr\u0131\u2019n\u0131n kavmini olu\u015fturmak ve b\u00fcy\u00fck insanl\u0131k ailesinin d\u00fcnyevi ve ebedi mutlulu\u011fu i\u00e7in, kendisiyle birlikte \u00e7al\u0131\u015fmak \u00fczere, \u0130sa vas\u0131tas\u0131yla ve \u0130sa\u2019da, g\u00f6zle g\u00f6r\u00fclmeyen bir \u015fekilde ve \u0130sa taraf\u0131ndan kurulan bir \u2018toplum\u2019 da yani Kilise \u2019de, g\u00f6zle g\u00f6r\u00fcl\u00fcr bir bi\u00e7imde birle\u015fmelerini istemi\u015ftir. (Hristiyan ya\u015fam\u0131)<\/span>[\/vc_column_text][vc_empty_space height=&#8221;22px&#8221;][\/vc_column][\/vc_row]<\/p>\n","protected":false},"excerpt":{"rendered":"<p>[vc_row][\/vc_row][vc_row][vc_column][vc_empty_space height=&#8221;22px&#8221;][vc_custom_heading stripe_pos=&#8221;hide&#8221; stm_title_font_weight=&#8221;900&#8243; text=&#8221;Katolik Kilisesinin iman\u0131 ve \u00f6\u011fretisi nedir?&#8221; font_container=&#8221;tag:h3|text_align:left&#8221; use_theme_fonts=&#8221;yes&#8221; css=&#8221;.vc_custom_1540201809645{margin-bottom: -20px !important;}&#8221;][vc_column_text]Katolik Kilisesinin doktrinlerini be\u015f ba\u015fl\u0131kta inceleyebiliriz: A) Bizim i\u00e7in sevgi olan Tanr\u0131, insanlar\u0131n mutlulu\u011funu arzulamaktad\u0131r. Bu nedenle Tanr\u0131, ezelden beri kendisi i\u00e7in hi\u00e7bir \u00e7\u0131kar ya da zorunluluk s\u00f6z konusu olmad\u0131\u011f\u0131 halde, ba\u015fka varl\u0131klara v\u00fccut vermek istemi\u015ftir. Tanr\u0131 bu varl\u0131klar\u0131, kendisine benzer,<\/p>\n","protected":false},"author":1,"featured_media":0,"parent":0,"menu_order":0,"comment_status":"closed","ping_status":"closed","template":"","meta":{"_monsterinsights_skip_tracking":false,"_monsterinsights_sitenote_active":false,"_monsterinsights_sitenote_note":"","_monsterinsights_sitenote_category":0,"footnotes":""},"class_list":["post-1900","page","type-page","status-publish","hentry"],"jetpack_shortlink":"https:\/\/wp.me\/P7UhDS-uE","jetpack_sharing_enabled":true,"_links":{"self":[{"href":"http:\/\/www.ankarakatolik.com\/tr\/wp-json\/wp\/v2\/pages\/1900","targetHints":{"allow":["GET"]}}],"collection":[{"href":"http:\/\/www.ankarakatolik.com\/tr\/wp-json\/wp\/v2\/pages"}],"about":[{"href":"http:\/\/www.ankarakatolik.com\/tr\/wp-json\/wp\/v2\/types\/page"}],"author":[{"embeddable":true,"href":"http:\/\/www.ankarakatolik.com\/tr\/wp-json\/wp\/v2\/users\/1"}],"replies":[{"embeddable":true,"href":"http:\/\/www.ankarakatolik.com\/tr\/wp-json\/wp\/v2\/comments?post=1900"}],"version-history":[{"count":2,"href":"http:\/\/www.ankarakatolik.com\/tr\/wp-json\/wp\/v2\/pages\/1900\/revisions"}],"predecessor-version":[{"id":1903,"href":"http:\/\/www.ankarakatolik.com\/tr\/wp-json\/wp\/v2\/pages\/1900\/revisions\/1903"}],"wp:attachment":[{"href":"http:\/\/www.ankarakatolik.com\/tr\/wp-json\/wp\/v2\/media?parent=1900"}],"curies":[{"name":"wp","href":"https:\/\/api.w.org\/{rel}","templated":true}]}}