{"id":1904,"date":"2018-10-22T12:24:25","date_gmt":"2018-10-22T10:24:25","guid":{"rendered":"http:\/\/www.ankarakatolik.com\/tr\/?page_id=1904"},"modified":"2018-10-22T12:25:03","modified_gmt":"2018-10-22T10:25:03","slug":"katolik-kilisesinin-yoneticileri","status":"publish","type":"page","link":"http:\/\/www.ankarakatolik.com\/tr\/katolik-kilisesinin-yoneticileri\/","title":{"rendered":"Katolik Kilisesinin Y\u00f6neticileri"},"content":{"rendered":"<p>[vc_row][\/vc_row][vc_row][vc_column][vc_empty_space height=&#8221;22px&#8221;][vc_custom_heading stripe_pos=&#8221;hide&#8221; stm_title_font_weight=&#8221;900&#8243; text=&#8221;Katolik Kilisesinin y\u00f6neticileri&#8221; font_container=&#8221;tag:h3|text_align:left&#8221; use_theme_fonts=&#8221;yes&#8221; css=&#8221;.vc_custom_1540202108215{margin-bottom: -20px !important;}&#8221;][vc_column_text]<\/p>\n<h4><span style=\"color: #000000;\">Papa kimdir?<\/span><\/h4>\n<p><span style=\"color: #000000;\"><strong><span style=\"text-decoration: underline;\">Papa\u2019n\u0131n Rol\u00fc Hakk\u0131nda<br \/>\n<\/span><\/strong>&#8211; \u201cPapa\u201d kelimesi \u2018Peder\u2019 (Baba) anlam\u0131na gelen Yunanca \u2018Papaz\u2019 kelimesinden gelmektedir. Papa ya da Aziz Peder unvan\u0131, kilisenin ba\u015f\u0131ndaki ki\u015fiye verilebilecek en uygun unvand\u0131r. Ger\u00e7ekten onun yetki ve g\u00fcc\u00fc, Tanr\u0131\u2019n\u0131nki gibi tamam\u0131yla bir baban\u0131n yetkisi, bir velayet kudreti gibi olmal\u0131d\u0131r. \u00c7\u00fcnk\u00fc o \u201cinananlar\u0131n m\u00fc\u015fterek Pederidir\u201d.<\/span><\/p>\n<p><span style=\"color: #000000;\">&#8211; Papa, \u0130sa\u2019n\u0131n \u015fakirtleri gibi hizmet edebilmek i\u00e7in birtak\u0131m yetkilere sahip bulunmaktad\u0131r ve bu nedenle imzalayaca\u011f\u0131 resm\u00ee belgeleri \u201cTanr\u0131\u2019n\u0131n hizmetkarlar\u0131n\u0131n hizmetkar\u0131\u201d ad\u0131yla imzalamaktad\u0131r.<\/span><\/p>\n<p><span style=\"color: #000000;\">&#8211; Papa, Mesih \u0130sa\u2019n\u0131n vekili, Ba\u015f \u201c\u00e7oban\u201d<\/span><\/p>\n<p><span style=\"text-decoration: underline; color: #000000;\"><strong>\u015eimdiki Papam\u0131za dair<\/strong><\/span><br \/>\n<span style=\"color: #000000;\">Jorge Mario Bergoglio, 17 Aral\u0131k 1936 tarihinde Buenos Aires\u2019te (Arjantin) \u0130talyan bir ailenin \u00e7ocu\u011fu olarak do\u011fdu. Rahip olarak seminere girmeden \u00f6nce k\u0131sa bir s\u00fcre kimya teknikleri \u00fczerine \u00e7al\u0131\u015ft\u0131. 1969 y\u0131l\u0131nda rahip olarak atand\u0131. 1998\u2019de Buenos Aires Episkoposu ve 2001\u2019de Kardinal oldu. Papa XVI. Benediktus\u2019un 28 \u015eubat 2013\u2019teki istifas\u0131nda sonra, 13 Mart 2013\u2019te Papa se\u00e7ilerek Assisi\u2019li Aziz Fransua\u2019n\u0131n ad\u0131 \u015ferefine <em>(1210\u2019de Assisi\u2019li Aziz Fransua\u2019n\u0131n \u0130talya\u2019da kurdu\u011fu dini bir tarikata ba\u011fl\u0131 olanlara Fransiskanlar denir. \u00dcyeler Mesih\u2019e \u00f6yk\u00fcnerek son derece yoksul ve yal\u0131n bir hayat ya\u015famaya \u00e7al\u0131\u015f\u0131r)<\/em> Papal\u0131k ad\u0131 olarak Fransua ismini se\u00e7ti. Papa Fransua ilk Cizvit Papa <em>(Cizvit &#8220;Rab\u2019de ya<\/em><em>\u015fayan Arkada\u015flar&#8221; Tarikat\u0131 demektir),<\/em> Latin Amerika k\u0131tas\u0131ndan se\u00e7ilen ilk Papa olman\u0131n yan\u0131 s\u0131ra, ayn\u0131 zamanda G\u00fcney Yar\u0131k\u00fcreden se\u00e7ilen ilk Papa\u2019d\u0131r.<\/span><\/p>\n<p><span style=\"color: #000000;\">Katolik Kilisesi\u2019nde 266. Papa olarak Roma Episkoposlu\u011fu g\u00f6revlerini y\u00fcr\u00fctmektedir.<\/span><\/p>\n<hr \/>\n<h4><span style=\"color: #000000;\">Episkoposlar<\/span><\/h4>\n<p><span style=\"color: #000000;\"><span style=\"text-decoration: underline;\"><strong>Episkopos nedir?<br \/>\n<\/strong><\/span>Episkopos, belirli bir Hristiyan Kilisesi \u00fcst\u00fcnde hem ruhani hem de y\u00f6netimsel yetkiye sahiptir. Episkoposlar tan\u0131mlanm\u0131\u015f bir b\u00f6lgedeki Hristiyan bir cemaatin ba\u015f\u0131na getirilir. G\u00fcn\u00fcm\u00fczdeki her bir episkoposun pozisyonu, bir idareci zincirinde yer alan bir veya daha fazla episkopos taraf\u0131ndan belirlenir ve bu zincirin tarihi, resmi anlat\u0131lara g\u00f6re, Mesih\u2019in havarilerinden birinin d\u00f6nemine kadar uzan\u0131r. Havarilerin birbirini takip etmesi denen \u015fey de budur. Episkoposluk g\u00f6revi Ortodoks Kilisesi, Katolik Kilisesi ve Anglikan Kilisesi\u2019nde mevcuttur ve de L\u00fcterciler gibi baz\u0131 Protestan mezheplerde de tan\u0131n\u0131r.<\/span><\/p>\n<p><span style=\"color: #000000;\"><strong>\u0130stanbul Latin Katolik Espiskoposu Kimdir\u00a0?<\/strong><\/span><\/p>\n<p><span style=\"color: #000000;\"><em><strong>Peder Rub\u00e9n Tierrablanca Gonzales<br \/>\n<\/strong><\/em>1952\u2019de d\u00fcnyaya geldi. Meksikal\u0131d\u0131r. Fransiskan tarikat\u0131nda 1977\u2019de Peder oldu. 2016\u2019da \u0130stanbul Latin Katolik episkoposu oldu.<\/span><\/p>\n<hr \/>\n<h4><span style=\"color: #000000;\">Rahipler<\/span><\/h4>\n<p><span style=\"color: #000000;\">Her Episkoposlu\u011fun sorumluluk b\u00f6lgesinde dini g\u00f6revilerin yerine getirilmesinde yard\u0131mc\u0131 olan rahipler vard\u0131r.<\/span>[\/vc_column_text][vc_empty_space height=&#8221;22px&#8221;][\/vc_column][\/vc_row]<\/p>\n","protected":false},"excerpt":{"rendered":"<p>[vc_row][\/vc_row][vc_row][vc_column][vc_empty_space height=&#8221;22px&#8221;][vc_custom_heading stripe_pos=&#8221;hide&#8221; stm_title_font_weight=&#8221;900&#8243; text=&#8221;Katolik Kilisesinin y\u00f6neticileri&#8221; font_container=&#8221;tag:h3|text_align:left&#8221; use_theme_fonts=&#8221;yes&#8221; css=&#8221;.vc_custom_1540202108215{margin-bottom: -20px !important;}&#8221;][vc_column_text] Papa kimdir? Papa\u2019n\u0131n Rol\u00fc Hakk\u0131nda &#8211; \u201cPapa\u201d kelimesi \u2018Peder\u2019 (Baba) anlam\u0131na gelen Yunanca \u2018Papaz\u2019 kelimesinden gelmektedir. Papa ya da Aziz Peder unvan\u0131, kilisenin ba\u015f\u0131ndaki ki\u015fiye verilebilecek en uygun unvand\u0131r. Ger\u00e7ekten onun yetki ve g\u00fcc\u00fc, Tanr\u0131\u2019n\u0131nki gibi tamam\u0131yla bir baban\u0131n yetkisi, bir velayet kudreti<\/p>\n","protected":false},"author":1,"featured_media":0,"parent":0,"menu_order":0,"comment_status":"closed","ping_status":"closed","template":"","meta":{"_monsterinsights_skip_tracking":false,"_monsterinsights_sitenote_active":false,"_monsterinsights_sitenote_note":"","_monsterinsights_sitenote_category":0,"footnotes":""},"class_list":["post-1904","page","type-page","status-publish","hentry"],"jetpack_shortlink":"https:\/\/wp.me\/P7UhDS-uI","jetpack_sharing_enabled":true,"_links":{"self":[{"href":"http:\/\/www.ankarakatolik.com\/tr\/wp-json\/wp\/v2\/pages\/1904","targetHints":{"allow":["GET"]}}],"collection":[{"href":"http:\/\/www.ankarakatolik.com\/tr\/wp-json\/wp\/v2\/pages"}],"about":[{"href":"http:\/\/www.ankarakatolik.com\/tr\/wp-json\/wp\/v2\/types\/page"}],"author":[{"embeddable":true,"href":"http:\/\/www.ankarakatolik.com\/tr\/wp-json\/wp\/v2\/users\/1"}],"replies":[{"embeddable":true,"href":"http:\/\/www.ankarakatolik.com\/tr\/wp-json\/wp\/v2\/comments?post=1904"}],"version-history":[{"count":2,"href":"http:\/\/www.ankarakatolik.com\/tr\/wp-json\/wp\/v2\/pages\/1904\/revisions"}],"predecessor-version":[{"id":1906,"href":"http:\/\/www.ankarakatolik.com\/tr\/wp-json\/wp\/v2\/pages\/1904\/revisions\/1906"}],"wp:attachment":[{"href":"http:\/\/www.ankarakatolik.com\/tr\/wp-json\/wp\/v2\/media?parent=1904"}],"curies":[{"name":"wp","href":"https:\/\/api.w.org\/{rel}","templated":true}]}}