{"id":1914,"date":"2018-10-22T12:34:29","date_gmt":"2018-10-22T10:34:29","guid":{"rendered":"http:\/\/www.ankarakatolik.com\/tr\/?page_id=1914"},"modified":"2024-06-26T10:36:56","modified_gmt":"2024-06-26T08:36:56","slug":"episkoposumuz-hakkinda","status":"publish","type":"page","link":"http:\/\/www.ankarakatolik.com\/tr\/episkoposumuz-hakkinda\/","title":{"rendered":"Episkoposumuz Hakk\u0131nda"},"content":{"rendered":"<p>[vc_row][\/vc_row][vc_row][vc_column width=&#8221;1\/4&#8243;][vc_empty_space height=&#8221;22px&#8221;][vc_single_image image=&#8221;1946&#8243; img_size=&#8221;full&#8221;][\/vc_column][vc_column width=&#8221;3\/4&#8243;][vc_empty_space height=&#8221;22px&#8221;][vc_custom_heading stripe_pos=&#8221;hide&#8221; stm_title_font_weight=&#8221;900&#8243; text=&#8221;Mgr Massimiliano Palinuro&#8221; font_container=&#8221;tag:h3|text_align:left&#8221; use_theme_fonts=&#8221;yes&#8221; css=&#8221;.vc_custom_1719391012233{margin-bottom: -20px !important;}&#8221;][vc_column_text]<strong>Mgr Massimiliano Palinuro<br \/>\n<\/strong><strong>\u0130stanbul Latin Katolik Kilisesi Ruhani Reisi.<\/strong><\/p>\n<p>Mgr Massimiliano Palinuro, 10 Haziran 1974\u2019te \u0130talya\u2019n\u0131n Avellino ilinde bulunan Ariano Irpino\u2019da kasabas\u0131nda do\u011fdu.<\/p>\n<p>1998\u2019de G\u00fcney \u0130talya Papal\u0131k \u0130lahiyat Fak\u00fcltesi\u2019nde ilahiyat alan\u0131nda lisans derecesi ald\u0131. 2001\u2019de Kutsal Yaz\u0131lar alan\u0131nda Y\u00fcksek Lisans derecesi ald\u0131\u011f\u0131 Papal\u0131k \u0130ncil Enstit\u00fcs\u00fc\u2019ndeki e\u011fitimi i\u00e7in Roma\u2019ya g\u00f6nderildi. \u00c7al\u0131\u015fmalar\u0131n\u0131 2009 y\u0131l\u0131nda Napoli\u2019deki G\u00fcney \u0130talya Papal\u0131k \u0130lahiyat Fak\u00fcltesi\u2019nde Dogmatik \u0130lahiyat alan\u0131nda doktora yaparak tamamlad\u0131. 2001\u2019den 2011\u2019e kadar G\u00fcney \u0130talya Papal\u0131k \u0130lahiyat Fak\u00fcltesi\u2019nde Kutsal Yaz\u0131lar dersleri verdi.<\/p>\n<p>1998&#8217;de Episkopos Eduardo D\u2019Avino taraf\u0131ndan diyakon olarak takdis edildi. Daha sonras\u0131nda Episkopos Gennaro Pascarella taraf\u0131ndan peder olarak kutsand\u0131.<\/p>\n<p>1999\u2019da Ariano Irpino\u2019da bulunan Fatima\u2019daki Meryem Mahalli Kilisesi\u2019nin ba\u015frahip vekili ve ard\u0131ndan 2000\u2019den 2011\u2019e kadar San Nicola Baronia\u2019da bulunan SS. Annunziata Mahalli Kilisesi\u2019nin ba\u015frahibi oldu. Ayn\u0131 zamanda, 2000\u2019den 2006\u2019ya kadar hastanelerde g\u00f6n\u00fcll\u00fc dini hizmet verdi.<\/p>\n<p>2011 y\u0131l\u0131nda Episkopos Giovanni D\u2019Alise\u2019den &#8220;fidei donum pederi&#8221; olarak T\u00fcrkiye\u2019ye gitmek i\u00e7in izin istedi ve bu uygun g\u00f6r\u00fcld\u00fc. T\u00fcrkiye\u2019de Eyl\u00fcl 2018\u2019e kadar \u0130zmir Ba\u015fepiskoposlu\u011fu\u2019nda Aziz Yuhanna Katedrali\u2019nin rekt\u00f6r\u00fc olarak g\u00f6rev yapt\u0131, bu ibadethanenin halka a\u00e7\u0131k hale gelmesi i\u00e7in \u00e7ok \u00e7al\u0131\u015ft\u0131. 2015\u2019ten 2018\u2019e kadar ayn\u0131 ba\u015fepiskoposlu\u011fun din e\u011fitimi ve katek\u00fcmenlerin e\u011fitimi sorumlusu oldu.<\/p>\n<p>Eyl\u00fcl 2018\u2019den bug\u00fcne kadar fidei donum pederi olarak, Anadolu Havarisel Vekilli\u011finde episkopos vekili, ge\u00e7ici \u00f6zel kalem m\u00fcd\u00fcr\u00fc (2019) ve Trabzon\u2019daki Santa Maria Kilisesi\u2019nin ba\u015frahibi olarak \u00e7al\u0131\u015ft\u0131.<\/p>\n<p>14 Eyl\u00fcl 2021&#8217;de \u0130stanbul Havarisel Vekilli\u011fine &#8220;Havarisel Vekil&#8221; s\u0131fat\u0131yla Episkopos olarak atanm\u0131\u015ft\u0131r. Takdisi 7 Aral\u0131k 2021&#8217;de ger\u00e7ekle\u015fmi\u015ftir.[\/vc_column_text][vc_empty_space height=&#8221;22px&#8221;][\/vc_column][\/vc_row]<\/p>\n","protected":false},"excerpt":{"rendered":"<p>[vc_row][\/vc_row][vc_row][vc_column width=&#8221;1\/4&#8243;][vc_empty_space height=&#8221;22px&#8221;][vc_single_image image=&#8221;1946&#8243; img_size=&#8221;full&#8221;][\/vc_column][vc_column width=&#8221;3\/4&#8243;][vc_empty_space height=&#8221;22px&#8221;][vc_custom_heading stripe_pos=&#8221;hide&#8221; stm_title_font_weight=&#8221;900&#8243; text=&#8221;Mgr Massimiliano Palinuro&#8221; font_container=&#8221;tag:h3|text_align:left&#8221; use_theme_fonts=&#8221;yes&#8221; css=&#8221;.vc_custom_1719391012233{margin-bottom: -20px !important;}&#8221;][vc_column_text]Mgr Massimiliano Palinuro \u0130stanbul Latin Katolik Kilisesi Ruhani Reisi. Mgr Massimiliano Palinuro, 10 Haziran 1974\u2019te \u0130talya\u2019n\u0131n Avellino ilinde bulunan Ariano Irpino\u2019da kasabas\u0131nda do\u011fdu. 1998\u2019de G\u00fcney \u0130talya Papal\u0131k \u0130lahiyat Fak\u00fcltesi\u2019nde ilahiyat alan\u0131nda lisans derecesi ald\u0131. 2001\u2019de Kutsal Yaz\u0131lar alan\u0131nda Y\u00fcksek<\/p>\n","protected":false},"author":1,"featured_media":0,"parent":0,"menu_order":0,"comment_status":"closed","ping_status":"closed","template":"","meta":{"_monsterinsights_skip_tracking":false,"_monsterinsights_sitenote_active":false,"_monsterinsights_sitenote_note":"","_monsterinsights_sitenote_category":0,"footnotes":""},"class_list":["post-1914","page","type-page","status-publish","hentry"],"jetpack_shortlink":"https:\/\/wp.me\/P7UhDS-uS","jetpack_sharing_enabled":true,"_links":{"self":[{"href":"http:\/\/www.ankarakatolik.com\/tr\/wp-json\/wp\/v2\/pages\/1914","targetHints":{"allow":["GET"]}}],"collection":[{"href":"http:\/\/www.ankarakatolik.com\/tr\/wp-json\/wp\/v2\/pages"}],"about":[{"href":"http:\/\/www.ankarakatolik.com\/tr\/wp-json\/wp\/v2\/types\/page"}],"author":[{"embeddable":true,"href":"http:\/\/www.ankarakatolik.com\/tr\/wp-json\/wp\/v2\/users\/1"}],"replies":[{"embeddable":true,"href":"http:\/\/www.ankarakatolik.com\/tr\/wp-json\/wp\/v2\/comments?post=1914"}],"version-history":[{"count":8,"href":"http:\/\/www.ankarakatolik.com\/tr\/wp-json\/wp\/v2\/pages\/1914\/revisions"}],"predecessor-version":[{"id":1950,"href":"http:\/\/www.ankarakatolik.com\/tr\/wp-json\/wp\/v2\/pages\/1914\/revisions\/1950"}],"wp:attachment":[{"href":"http:\/\/www.ankarakatolik.com\/tr\/wp-json\/wp\/v2\/media?parent=1914"}],"curies":[{"name":"wp","href":"https:\/\/api.w.org\/{rel}","templated":true}]}}