{"id":1878,"date":"2018-10-22T11:32:24","date_gmt":"2018-10-22T09:32:24","guid":{"rendered":"http:\/\/www.ankarakatolik.com\/tr\/?page_id=1878"},"modified":"2019-01-19T11:49:26","modified_gmt":"2019-01-19T09:49:26","slug":"katolik-kilisesi-nedir","status":"publish","type":"page","link":"https:\/\/www.ankarakatolik.com\/tr\/katolik-kilisesi-nedir\/","title":{"rendered":"Katolik Kilisesi nedir?"},"content":{"rendered":"<p>[vc_row][vc_column][vc_custom_heading stripe_pos=&#8221;hide&#8221; stm_title_font_weight=&#8221;900&#8243; text=&#8221;Katolik Kilisesi nedir?&#8221; font_container=&#8221;tag:h3|text_align:left&#8221; use_theme_fonts=&#8221;yes&#8221; css=&#8221;.vc_custom_1540201768551{margin-bottom: -20px !important;}&#8221;][vc_column_text]<span style=\"color: #000000;\">\u0130sa, 2000 sene \u00f6nce d\u00fcnyaya geldi. Onun g\u00f6revi, t\u00fcm insanl\u0131\u011fa kurtulu\u015f mesaj\u0131n\u0131 iletmekti.<br \/>\nDirildikten sonra da bu kurtulu\u015f g\u00f6revini s\u00fcrd\u00fcrmesi i\u00e7in havarilerini yetkilendirdi.<br \/>\nO zamandan bug\u00fcne dek ise, Katolik Kilisesi bu emanetin koruyucusu olmay\u0131 s\u00fcrd\u00fcrmektedir.<\/span><\/p>\n<p><span style=\"color: #000000;\">\u0130sa, Kilisesine ba\u015fl\u0131ca iki sorumluluk b\u0131rakt\u0131:<\/span><br \/>\n<span style=\"color: #000000;\">&#8211; \u0130nsanlara Tanr\u0131\u2019n\u0131n kurtulu\u015f plan\u0131n\u0131 a\u00e7\u0131klar,<br \/>\n<\/span><span style=\"color: #000000;\">&#8211; Kutsal ya\u015fam s\u00fcrmenin yolunu anlat\u0131r.<\/span>[\/vc_column_text][vc_column_text]<span style=\"color: #000000;\">1- Benim i\u00e7in Katolik Kilisesi, Tanr\u0131dan gelen aff\u0131 ald\u0131\u011f\u0131m, O\u2019nun sevgisini ve merhametini ya\u015fad\u0131\u011f\u0131m, Kilise cemaat karde\u015flerimle birlikte Mesih \u0130sa\u2019da bir oldu\u011fum ve Mesih\u2019in yolunda y\u00fcr\u00fcyebilmem i\u00e7in ihtiyac\u0131m olan Kutsal Gizemleri ald\u0131\u011f\u0131m Tanr\u0131\u2019n\u0131n sevgi evidir. -Fransua<\/span><\/p>\n<div><span style=\"color: #000000;\">2- <\/span><span style=\"color: #000000;\">Ki\u015finin kendini en mutlu hissetti\u011fi yer ku\u015fkusuz evidir, birlikte oldu\u011fu ailesidir. Ben sevgi dolu bir aile ortam\u0131nda yeti\u015ftim. Bu sevgi o kadar derindi ki her t\u00fcrl\u00fc karar\u0131ma ailem sayg\u0131 duyard\u0131. <\/span><span style=\"color: #000000;\">Rab&#8217;bin sevgisi ile biraz ge\u00e7 tan\u0131\u015ft\u0131m ve art\u0131k yeni bir evim vard\u0131. Onun e\u015fsiz sevgisini ya\u015fayarak tadabilece\u011fim Katolik kilisesi vard\u0131. Ko\u015fulsuz sevgi, huzurlu bir hayat zorluklar\u0131 olsa da m\u00fctavazi olabilecek bir ya\u015fam vard\u0131 art\u0131k bu yeni evimizde. -Aydeniz<\/span><\/div>\n<p>[\/vc_column_text][vc_empty_space height=&#8221;22px&#8221;][\/vc_column][\/vc_row]<\/p>\n","protected":false},"excerpt":{"rendered":"<p>[vc_row][vc_column][vc_custom_heading stripe_pos=&#8221;hide&#8221; stm_title_font_weight=&#8221;900&#8243; text=&#8221;Katolik Kilisesi nedir?&#8221; font_container=&#8221;tag:h3|text_align:left&#8221; use_theme_fonts=&#8221;yes&#8221; css=&#8221;.vc_custom_1540201768551{margin-bottom: -20px !important;}&#8221;][vc_column_text]\u0130sa, 2000 sene \u00f6nce d\u00fcnyaya geldi. Onun g\u00f6revi, t\u00fcm insanl\u0131\u011fa kurtulu\u015f mesaj\u0131n\u0131 iletmekti. Dirildikten sonra da bu kurtulu\u015f g\u00f6revini s\u00fcrd\u00fcrmesi i\u00e7in havarilerini yetkilendirdi. O zamandan bug\u00fcne dek ise, Katolik Kilisesi bu emanetin koruyucusu olmay\u0131 s\u00fcrd\u00fcrmektedir. \u0130sa, Kilisesine ba\u015fl\u0131ca iki sorumluluk b\u0131rakt\u0131: &#8211; \u0130nsanlara Tanr\u0131\u2019n\u0131n kurtulu\u015f<\/p>\n","protected":false},"author":1,"featured_media":0,"parent":0,"menu_order":0,"comment_status":"closed","ping_status":"closed","template":"","meta":{"_monsterinsights_skip_tracking":false,"_monsterinsights_sitenote_active":false,"_monsterinsights_sitenote_note":"","_monsterinsights_sitenote_category":0,"footnotes":""},"class_list":["post-1878","page","type-page","status-publish","hentry"],"jetpack_shortlink":"https:\/\/wp.me\/P7UhDS-ui","jetpack_sharing_enabled":true,"_links":{"self":[{"href":"https:\/\/www.ankarakatolik.com\/tr\/wp-json\/wp\/v2\/pages\/1878","targetHints":{"allow":["GET"]}}],"collection":[{"href":"https:\/\/www.ankarakatolik.com\/tr\/wp-json\/wp\/v2\/pages"}],"about":[{"href":"https:\/\/www.ankarakatolik.com\/tr\/wp-json\/wp\/v2\/types\/page"}],"author":[{"embeddable":true,"href":"https:\/\/www.ankarakatolik.com\/tr\/wp-json\/wp\/v2\/users\/1"}],"replies":[{"embeddable":true,"href":"https:\/\/www.ankarakatolik.com\/tr\/wp-json\/wp\/v2\/comments?post=1878"}],"version-history":[{"count":29,"href":"https:\/\/www.ankarakatolik.com\/tr\/wp-json\/wp\/v2\/pages\/1878\/revisions"}],"predecessor-version":[{"id":1928,"href":"https:\/\/www.ankarakatolik.com\/tr\/wp-json\/wp\/v2\/pages\/1878\/revisions\/1928"}],"wp:attachment":[{"href":"https:\/\/www.ankarakatolik.com\/tr\/wp-json\/wp\/v2\/media?parent=1878"}],"curies":[{"name":"wp","href":"https:\/\/api.w.org\/{rel}","templated":true}]}}